{"id":50,"date":"2021-02-21T20:15:45","date_gmt":"2021-02-21T18:15:45","guid":{"rendered":"https:\/\/nabuka.net\/?page_id=50"},"modified":"2021-04-28T18:55:18","modified_gmt":"2021-04-28T16:55:18","slug":"albums","status":"publish","type":"page","link":"https:\/\/nabuka.net\/?page_id=50","title":{"rendered":"Albums"},"content":{"rendered":"\t\t<div data-elementor-type=\"wp-page\" data-elementor-id=\"50\" class=\"elementor elementor-50\">\n\t\t\t\t\t\t\t\t\t<section class=\"has_eae_slider elementor-section elementor-top-section elementor-element elementor-element-7971b146 elementor-section-full_width elementor-section-height-default elementor-section-height-default\" data-id=\"7971b146\" data-element_type=\"section\" data-settings=\"{&quot;_ha_eqh_enable&quot;:false}\">\n\t\t\t\t\t\t<div class=\"elementor-container elementor-column-gap-default\">\n\t\t\t\t\t<div class=\"has_eae_slider elementor-column elementor-col-100 elementor-top-column elementor-element elementor-element-10ecfe68\" data-id=\"10ecfe68\" data-element_type=\"column\">\n\t\t\t<div class=\"elementor-widget-wrap elementor-element-populated\">\n\t\t\t\t\t\t\t\t<div class=\"elementor-element elementor-element-fa84322 elementor-grid-eael-col-6 elementor-grid-tablet-eael-col-4 elementor-grid-mobile-eael-col-2 elementor-widget elementor-widget-eael-post-grid\" data-id=\"fa84322\" data-element_type=\"widget\" data-settings=\"{&quot;eael_post_grid_columns&quot;:&quot;eael-col-6&quot;,&quot;eael_post_grid_columns_tablet&quot;:&quot;eael-col-4&quot;,&quot;eael_post_grid_columns_mobile&quot;:&quot;eael-col-2&quot;}\" data-widget_type=\"eael-post-grid.default\">\n\t\t\t\t<div class=\"elementor-widget-container\">\n\t\t\t<div id=\"eael-post-grid-fa84322\" class=\"eael-post-grid-container\">\n            <div class=\"eael-post-grid eael-post-appender eael-post-appender-fa84322 eael-post-grid-style-two\" data-layout-mode=\"masonry\"><article class=\"eael-grid-post eael-post-grid-column\" data-id=\"2627\">\n        <div class=\"eael-grid-post-holder\">\n            <div class=\"eael-grid-post-holder-inner\"><div class=\"eael-entry-media\"><div class=\"eael-entry-overlay fade-in\"><i class=\"fas fa-long-arrow-alt-right\" aria-hidden=\"true\"><\/i><a href=\"https:\/\/nabuka.net\/?ht_portfolios=mornas-ku-nghuni-nghuniduras\"><\/a><\/div><div class=\"eael-entry-thumbnail \">\n                                <img width=\"300\" height=\"300\" src=\"https:\/\/nabuka.net\/wp-content\/uploads\/2021\/04\/Mornas-Ku-Nghuni-Nghuniduras--300x300.jpg\" class=\"attachment-medium size-medium\" alt=\"Mornas Ku Nghuni Nghuniduras\" loading=\"lazy\" srcset=\"https:\/\/nabuka.net\/wp-content\/uploads\/2021\/04\/Mornas-Ku-Nghuni-Nghuniduras--300x300.jpg 300w, https:\/\/nabuka.net\/wp-content\/uploads\/2021\/04\/Mornas-Ku-Nghuni-Nghuniduras--150x150.jpg 150w, https:\/\/nabuka.net\/wp-content\/uploads\/2021\/04\/Mornas-Ku-Nghuni-Nghuniduras-.jpg 629w\" sizes=\"(max-width: 300px) 100vw, 300px\" \/>\n                              <\/div>\n                      <\/div><\/div>\n        <\/div>\n    <\/article><article class=\"eael-grid-post eael-post-grid-column\" data-id=\"2510\">\n        <div class=\"eael-grid-post-holder\">\n            <div class=\"eael-grid-post-holder-inner\"><div class=\"eael-entry-media\"><div class=\"eael-entry-overlay fade-in\"><i class=\"fas fa-long-arrow-alt-right\" aria-hidden=\"true\"><\/i><a href=\"https:\/\/nabuka.net\/?ht_portfolios=djokerhendam\"><\/a><\/div><div class=\"eael-entry-thumbnail \">\n                                <img width=\"300\" height=\"300\" src=\"https:\/\/nabuka.net\/wp-content\/uploads\/2021\/05\/capa-300x300.jpg\" class=\"attachment-medium size-medium\" alt=\"DJOKERHENDAM\" loading=\"lazy\" srcset=\"https:\/\/nabuka.net\/wp-content\/uploads\/2021\/05\/capa-300x300.jpg 300w, https:\/\/nabuka.net\/wp-content\/uploads\/2021\/05\/capa-150x150.jpg 150w, https:\/\/nabuka.net\/wp-content\/uploads\/2021\/05\/capa-768x768.jpg 768w, https:\/\/nabuka.net\/wp-content\/uploads\/2021\/05\/capa-250x250.jpg 250w, https:\/\/nabuka.net\/wp-content\/uploads\/2021\/05\/capa.jpg 945w\" sizes=\"(max-width: 300px) 100vw, 300px\" \/>\n                              <\/div>\n                      <\/div><\/div>\n        <\/div>\n    <\/article><article class=\"eael-grid-post eael-post-grid-column\" data-id=\"1575\">\n        <div class=\"eael-grid-post-holder\">\n            <div class=\"eael-grid-post-holder-inner\"><div class=\"eael-entry-media\"><div class=\"eael-entry-overlay fade-in\"><i class=\"fas fa-long-arrow-alt-right\" aria-hidden=\"true\"><\/i><a href=\"https:\/\/nabuka.net\/?ht_portfolios=kankuran\"><\/a><\/div><div class=\"eael-entry-thumbnail \">\n                                <img width=\"300\" height=\"300\" src=\"https:\/\/nabuka.net\/wp-content\/uploads\/2021\/04\/Kakuran-300x300.jpg\" class=\"attachment-medium size-medium\" alt=\"KANKURAN\" loading=\"lazy\" srcset=\"https:\/\/nabuka.net\/wp-content\/uploads\/2021\/04\/Kakuran-300x300.jpg 300w, https:\/\/nabuka.net\/wp-content\/uploads\/2021\/04\/Kakuran-150x150.jpg 150w, https:\/\/nabuka.net\/wp-content\/uploads\/2021\/04\/Kakuran.jpg 629w\" sizes=\"(max-width: 300px) 100vw, 300px\" \/>\n                              <\/div>\n                      <\/div><\/div>\n        <\/div>\n    <\/article><article class=\"eael-grid-post eael-post-grid-column\" data-id=\"1570\">\n        <div class=\"eael-grid-post-holder\">\n            <div class=\"eael-grid-post-holder-inner\"><div class=\"eael-entry-media\"><div class=\"eael-entry-overlay fade-in\"><i class=\"fas fa-long-arrow-alt-right\" aria-hidden=\"true\"><\/i><a href=\"https:\/\/nabuka.net\/?ht_portfolios=no-kana-muri-gossi\"><\/a><\/div><div class=\"eael-entry-thumbnail \">\n                                <img width=\"300\" height=\"300\" src=\"https:\/\/nabuka.net\/wp-content\/uploads\/2021\/04\/No-Kana-Muri-Gossi-300x300.jpg\" class=\"attachment-medium size-medium\" alt=\"NO KANA MURI GOSSI\" loading=\"lazy\" srcset=\"https:\/\/nabuka.net\/wp-content\/uploads\/2021\/04\/No-Kana-Muri-Gossi-300x300.jpg 300w, https:\/\/nabuka.net\/wp-content\/uploads\/2021\/04\/No-Kana-Muri-Gossi-150x150.jpg 150w, https:\/\/nabuka.net\/wp-content\/uploads\/2021\/04\/No-Kana-Muri-Gossi.jpg 629w\" sizes=\"(max-width: 300px) 100vw, 300px\" \/>\n                              <\/div>\n                      <\/div><\/div>\n        <\/div>\n    <\/article><article class=\"eael-grid-post eael-post-grid-column\" data-id=\"1565\">\n        <div class=\"eael-grid-post-holder\">\n            <div class=\"eael-grid-post-holder-inner\"><div class=\"eael-entry-media\"><div class=\"eael-entry-overlay fade-in\"><i class=\"fas fa-long-arrow-alt-right\" aria-hidden=\"true\"><\/i><a href=\"https:\/\/nabuka.net\/?ht_portfolios=figa-kanhota-live-at-salterio\"><\/a><\/div><div class=\"eael-entry-thumbnail \">\n                                <img width=\"300\" height=\"300\" src=\"https:\/\/nabuka.net\/wp-content\/uploads\/2021\/05\/Figa-Kanhota-300x300.jpg\" class=\"attachment-medium size-medium\" alt=\"Figa Kanhota\" loading=\"lazy\" srcset=\"https:\/\/nabuka.net\/wp-content\/uploads\/2021\/05\/Figa-Kanhota-300x300.jpg 300w, https:\/\/nabuka.net\/wp-content\/uploads\/2021\/05\/Figa-Kanhota-150x150.jpg 150w, https:\/\/nabuka.net\/wp-content\/uploads\/2021\/05\/Figa-Kanhota-768x768.jpg 768w, https:\/\/nabuka.net\/wp-content\/uploads\/2021\/05\/Figa-Kanhota-250x250.jpg 250w, https:\/\/nabuka.net\/wp-content\/uploads\/2021\/05\/Figa-Kanhota.jpg 945w\" sizes=\"(max-width: 300px) 100vw, 300px\" \/>\n                              <\/div>\n                      <\/div><\/div>\n        <\/div>\n    <\/article><article class=\"eael-grid-post eael-post-grid-column\" data-id=\"1505\">\n        <div class=\"eael-grid-post-holder\">\n            <div class=\"eael-grid-post-holder-inner\"><div class=\"eael-entry-media\"><div class=\"eael-entry-overlay fade-in\"><i class=\"fas fa-long-arrow-alt-right\" aria-hidden=\"true\"><\/i><a href=\"https:\/\/nabuka.net\/?ht_portfolios=the-smell-of-the-earth\"><\/a><\/div><div class=\"eael-entry-thumbnail \">\n                                <img width=\"300\" height=\"300\" src=\"https:\/\/nabuka.net\/wp-content\/uploads\/2021\/05\/the-smell-of-the-earth-300x300.jpg\" class=\"attachment-medium size-medium\" alt=\"the smell of the earth\" loading=\"lazy\" srcset=\"https:\/\/nabuka.net\/wp-content\/uploads\/2021\/05\/the-smell-of-the-earth-300x300.jpg 300w, https:\/\/nabuka.net\/wp-content\/uploads\/2021\/05\/the-smell-of-the-earth-150x150.jpg 150w, https:\/\/nabuka.net\/wp-content\/uploads\/2021\/05\/the-smell-of-the-earth-768x768.jpg 768w, https:\/\/nabuka.net\/wp-content\/uploads\/2021\/05\/the-smell-of-the-earth-250x250.jpg 250w, https:\/\/nabuka.net\/wp-content\/uploads\/2021\/05\/the-smell-of-the-earth.jpg 945w\" sizes=\"(max-width: 300px) 100vw, 300px\" \/>\n                              <\/div>\n                      <\/div><\/div>\n        <\/div>\n    <\/article><article class=\"eael-grid-post eael-post-grid-column\" data-id=\"1492\">\n        <div class=\"eael-grid-post-holder\">\n            <div class=\"eael-grid-post-holder-inner\"><div class=\"eael-entry-media\"><div class=\"eael-entry-overlay fade-in\"><i class=\"fas fa-long-arrow-alt-right\" aria-hidden=\"true\"><\/i><a href=\"https:\/\/nabuka.net\/?ht_portfolios=casa-nua\"><\/a><\/div><div class=\"eael-entry-thumbnail \">\n                                <img width=\"300\" height=\"300\" src=\"https:\/\/nabuka.net\/wp-content\/uploads\/2021\/04\/Casa-Nua-MU\u0302-300x300.jpg\" class=\"attachment-medium size-medium\" alt=\"\" loading=\"lazy\" srcset=\"https:\/\/nabuka.net\/wp-content\/uploads\/2021\/04\/Casa-Nua-MU\u0302-300x300.jpg 300w, https:\/\/nabuka.net\/wp-content\/uploads\/2021\/04\/Casa-Nua-MU\u0302-150x150.jpg 150w, https:\/\/nabuka.net\/wp-content\/uploads\/2021\/04\/Casa-Nua-MU\u0302-768x768.jpg 768w, https:\/\/nabuka.net\/wp-content\/uploads\/2021\/04\/Casa-Nua-MU\u0302-250x250.jpg 250w, https:\/\/nabuka.net\/wp-content\/uploads\/2021\/04\/Casa-Nua-MU\u0302.jpg 945w\" sizes=\"(max-width: 300px) 100vw, 300px\" \/>\n                              <\/div>\n                      <\/div><\/div>\n        <\/div>\n    <\/article><article class=\"eael-grid-post eael-post-grid-column\" data-id=\"1426\">\n        <div class=\"eael-grid-post-holder\">\n            <div class=\"eael-grid-post-holder-inner\"><div class=\"eael-entry-media\"><div class=\"eael-entry-overlay fade-in\"><i class=\"fas fa-long-arrow-alt-right\" aria-hidden=\"true\"><\/i><a href=\"https:\/\/nabuka.net\/?ht_portfolios=qbamba-endjiram\"><\/a><\/div><div class=\"eael-entry-thumbnail \">\n                                <img width=\"300\" height=\"300\" src=\"https:\/\/nabuka.net\/wp-content\/uploads\/2021\/04\/Endjiram-300x300.jpg\" class=\"attachment-medium size-medium\" alt=\"\" loading=\"lazy\" srcset=\"https:\/\/nabuka.net\/wp-content\/uploads\/2021\/04\/Endjiram-300x300.jpg 300w, https:\/\/nabuka.net\/wp-content\/uploads\/2021\/04\/Endjiram-150x150.jpg 150w, https:\/\/nabuka.net\/wp-content\/uploads\/2021\/04\/Endjiram.jpg 629w\" sizes=\"(max-width: 300px) 100vw, 300px\" \/>\n                              <\/div>\n                      <\/div><\/div>\n        <\/div>\n    <\/article><article class=\"eael-grid-post eael-post-grid-column\" data-id=\"1415\">\n        <div class=\"eael-grid-post-holder\">\n            <div class=\"eael-grid-post-holder-inner\"><div class=\"eael-entry-media\"><div class=\"eael-entry-overlay fade-in\"><i class=\"fas fa-long-arrow-alt-right\" aria-hidden=\"true\"><\/i><a href=\"https:\/\/nabuka.net\/?ht_portfolios=qbamba-bambarangh\"><\/a><\/div><div class=\"eael-entry-thumbnail \">\n                                <img width=\"300\" height=\"300\" src=\"https:\/\/nabuka.net\/wp-content\/uploads\/2021\/04\/Bambarangh-300x300.jpg\" class=\"attachment-medium size-medium\" alt=\"\" loading=\"lazy\" srcset=\"https:\/\/nabuka.net\/wp-content\/uploads\/2021\/04\/Bambarangh-300x300.jpg 300w, https:\/\/nabuka.net\/wp-content\/uploads\/2021\/04\/Bambarangh-150x150.jpg 150w, https:\/\/nabuka.net\/wp-content\/uploads\/2021\/04\/Bambarangh.jpg 629w\" sizes=\"(max-width: 300px) 100vw, 300px\" \/>\n                              <\/div>\n                      <\/div><\/div>\n        <\/div>\n    <\/article><article class=\"eael-grid-post eael-post-grid-column\" data-id=\"1371\">\n        <div class=\"eael-grid-post-holder\">\n            <div class=\"eael-grid-post-holder-inner\"><div class=\"eael-entry-media\"><div class=\"eael-entry-overlay fade-in\"><i class=\"fas fa-long-arrow-alt-right\" aria-hidden=\"true\"><\/i><a href=\"https:\/\/nabuka.net\/?ht_portfolios=duos-trios-further-conversations\"><\/a><\/div><div class=\"eael-entry-thumbnail \">\n                                <img width=\"300\" height=\"300\" src=\"https:\/\/nabuka.net\/wp-content\/uploads\/2021\/05\/Duos-Trios-and-Further-concersations-300x300.jpg\" class=\"attachment-medium size-medium\" alt=\"Duos Trios and Further conversations\" loading=\"lazy\" srcset=\"https:\/\/nabuka.net\/wp-content\/uploads\/2021\/05\/Duos-Trios-and-Further-concersations-300x300.jpg 300w, https:\/\/nabuka.net\/wp-content\/uploads\/2021\/05\/Duos-Trios-and-Further-concersations-150x150.jpg 150w, https:\/\/nabuka.net\/wp-content\/uploads\/2021\/05\/Duos-Trios-and-Further-concersations-768x768.jpg 768w, https:\/\/nabuka.net\/wp-content\/uploads\/2021\/05\/Duos-Trios-and-Further-concersations-250x250.jpg 250w, https:\/\/nabuka.net\/wp-content\/uploads\/2021\/05\/Duos-Trios-and-Further-concersations.jpg 945w\" sizes=\"(max-width: 300px) 100vw, 300px\" \/>\n                              <\/div>\n                      <\/div><\/div>\n        <\/div>\n    <\/article><article class=\"eael-grid-post eael-post-grid-column\" data-id=\"1325\">\n        <div class=\"eael-grid-post-holder\">\n            <div class=\"eael-grid-post-holder-inner\"><div class=\"eael-entry-media\"><div class=\"eael-entry-overlay fade-in\"><i class=\"fas fa-long-arrow-alt-right\" aria-hidden=\"true\"><\/i><a href=\"https:\/\/nabuka.net\/?ht_portfolios=unaak\"><\/a><\/div><div class=\"eael-entry-thumbnail \">\n                                <img width=\"300\" height=\"300\" src=\"https:\/\/nabuka.net\/wp-content\/uploads\/2021\/04\/Unaak-Mu\u0302-Sasha-300x300.jpg\" class=\"attachment-medium size-medium\" alt=\"Unaak - Mu\u0302 &amp; Sasha\" loading=\"lazy\" srcset=\"https:\/\/nabuka.net\/wp-content\/uploads\/2021\/04\/Unaak-Mu\u0302-Sasha-300x300.jpg 300w, https:\/\/nabuka.net\/wp-content\/uploads\/2021\/04\/Unaak-Mu\u0302-Sasha-150x150.jpg 150w, https:\/\/nabuka.net\/wp-content\/uploads\/2021\/04\/Unaak-Mu\u0302-Sasha.jpg 629w\" sizes=\"(max-width: 300px) 100vw, 300px\" \/>\n                              <\/div>\n                      <\/div><\/div>\n        <\/div>\n    <\/article><article class=\"eael-grid-post eael-post-grid-column\" data-id=\"1310\">\n        <div class=\"eael-grid-post-holder\">\n            <div class=\"eael-grid-post-holder-inner\"><div class=\"eael-entry-media\"><div class=\"eael-entry-overlay fade-in\"><i class=\"fas fa-long-arrow-alt-right\" aria-hidden=\"true\"><\/i><a href=\"https:\/\/nabuka.net\/?ht_portfolios=inen-2\"><\/a><\/div><div class=\"eael-entry-thumbnail \">\n                                <img width=\"300\" height=\"300\" src=\"https:\/\/nabuka.net\/wp-content\/uploads\/2021\/04\/In\u0303e\u0301n-300x300.jpg\" class=\"attachment-medium size-medium\" alt=\"I\u00f1\u00e9n \u00e1lbum\" loading=\"lazy\" srcset=\"https:\/\/nabuka.net\/wp-content\/uploads\/2021\/04\/In\u0303e\u0301n-300x300.jpg 300w, https:\/\/nabuka.net\/wp-content\/uploads\/2021\/04\/In\u0303e\u0301n-150x150.jpg 150w, https:\/\/nabuka.net\/wp-content\/uploads\/2021\/04\/In\u0303e\u0301n.jpg 629w\" sizes=\"(max-width: 300px) 100vw, 300px\" \/>\n                              <\/div>\n                      <\/div><\/div>\n        <\/div>\n    <\/article><\/div>\n            <div class=\"clearfix\"><\/div>\n        <\/div>\t\t<\/div>\n\t\t\t\t<\/div>\n\t\t\t\t\t<\/div>\n\t\t<\/div>\n\t\t\t\t\t\t\t<\/div>\n\t\t<\/section>\n\t\t\t\t\t\t\t<\/div>\n\t\t","protected":false},"excerpt":{"rendered":"","protected":false},"author":2,"featured_media":0,"parent":0,"menu_order":0,"comment_status":"closed","ping_status":"closed","template":"elementor_header_footer","meta":[],"yoast_head":"<!-- This site is optimized with the Yoast SEO plugin v16.3 - https:\/\/yoast.com\/wordpress\/plugins\/seo\/ -->\n<title>Albums - Nabuka<\/title>\n<meta name=\"robots\" content=\"index, follow, max-snippet:-1, max-image-preview:large, max-video-preview:-1\" \/>\n<link rel=\"canonical\" href=\"https:\/\/nabuka.net\/?page_id=50\" \/>\n<meta property=\"og:locale\" content=\"en_GB\" \/>\n<meta property=\"og:type\" content=\"article\" \/>\n<meta property=\"og:title\" content=\"Albums - Nabuka\" \/>\n<meta property=\"og:url\" content=\"https:\/\/nabuka.net\/?page_id=50\" \/>\n<meta property=\"og:site_name\" content=\"Nabuka\" \/>\n<meta property=\"article:modified_time\" content=\"2021-04-28T16:55:18+00:00\" \/>\n<meta property=\"og:image\" content=\"https:\/\/nabuka.net\/wp-content\/uploads\/2021\/04\/Kakuran-300x300.jpg\" \/>\n<meta name=\"twitter:card\" content=\"summary_large_image\" \/>\n<meta name=\"twitter:label1\" content=\"Estimated reading time\">\n\t<meta name=\"twitter:data1\" content=\"3 minutes\">\n<script type=\"application\/ld+json\" class=\"yoast-schema-graph\">{\"@context\":\"https:\/\/schema.org\",\"@graph\":[{\"@type\":\"WebSite\",\"@id\":\"https:\/\/nabuka.net\/#website\",\"url\":\"https:\/\/nabuka.net\/\",\"name\":\"Nabuka\",\"description\":\"Record Company\",\"potentialAction\":[{\"@type\":\"SearchAction\",\"target\":\"https:\/\/nabuka.net\/?s={search_term_string}\",\"query-input\":\"required name=search_term_string\"}],\"inLanguage\":\"en-GB\"},{\"@type\":\"ImageObject\",\"@id\":\"https:\/\/nabuka.net\/?page_id=50#primaryimage\",\"inLanguage\":\"en-GB\",\"url\":\"https:\/\/nabuka.net\/wp-content\/uploads\/2021\/04\/Kakuran.jpg\",\"contentUrl\":\"https:\/\/nabuka.net\/wp-content\/uploads\/2021\/04\/Kakuran.jpg\",\"width\":629,\"height\":629,\"caption\":\"KANKURAN\"},{\"@type\":\"WebPage\",\"@id\":\"https:\/\/nabuka.net\/?page_id=50#webpage\",\"url\":\"https:\/\/nabuka.net\/?page_id=50\",\"name\":\"Albums - Nabuka\",\"isPartOf\":{\"@id\":\"https:\/\/nabuka.net\/#website\"},\"primaryImageOfPage\":{\"@id\":\"https:\/\/nabuka.net\/?page_id=50#primaryimage\"},\"datePublished\":\"2021-02-21T18:15:45+00:00\",\"dateModified\":\"2021-04-28T16:55:18+00:00\",\"breadcrumb\":{\"@id\":\"https:\/\/nabuka.net\/?page_id=50#breadcrumb\"},\"inLanguage\":\"en-GB\",\"potentialAction\":[{\"@type\":\"ReadAction\",\"target\":[\"https:\/\/nabuka.net\/?page_id=50\"]}]},{\"@type\":\"BreadcrumbList\",\"@id\":\"https:\/\/nabuka.net\/?page_id=50#breadcrumb\",\"itemListElement\":[{\"@type\":\"ListItem\",\"position\":1,\"item\":{\"@type\":\"WebPage\",\"@id\":\"https:\/\/nabuka.net\/\",\"url\":\"https:\/\/nabuka.net\/\",\"name\":\"Portada\"}},{\"@type\":\"ListItem\",\"position\":2,\"item\":{\"@id\":\"https:\/\/nabuka.net\/?page_id=50#webpage\"}}]}]}<\/script>\n<!-- \/ Yoast SEO plugin. -->","_links":{"self":[{"href":"https:\/\/nabuka.net\/index.php?rest_route=\/wp\/v2\/pages\/50"}],"collection":[{"href":"https:\/\/nabuka.net\/index.php?rest_route=\/wp\/v2\/pages"}],"about":[{"href":"https:\/\/nabuka.net\/index.php?rest_route=\/wp\/v2\/types\/page"}],"author":[{"embeddable":true,"href":"https:\/\/nabuka.net\/index.php?rest_route=\/wp\/v2\/users\/2"}],"replies":[{"embeddable":true,"href":"https:\/\/nabuka.net\/index.php?rest_route=%2Fwp%2Fv2%2Fcomments&post=50"}],"version-history":[{"count":65,"href":"https:\/\/nabuka.net\/index.php?rest_route=\/wp\/v2\/pages\/50\/revisions"}],"predecessor-version":[{"id":2838,"href":"https:\/\/nabuka.net\/index.php?rest_route=\/wp\/v2\/pages\/50\/revisions\/2838"}],"wp:attachment":[{"href":"https:\/\/nabuka.net\/index.php?rest_route=%2Fwp%2Fv2%2Fmedia&parent=50"}],"curies":[{"name":"wp","href":"https:\/\/api.w.org\/{rel}","templated":true}]}}